{"id":1083,"date":"2024-12-02T11:25:06","date_gmt":"2024-12-02T16:25:06","guid":{"rendered":"https:\/\/wellnessweek.com.co\/?page_id=1083"},"modified":"2025-01-28T17:20:39","modified_gmt":"2025-01-28T22:20:39","slug":"que-es-ww","status":"publish","type":"page","link":"https:\/\/wellnessweek.com.co\/en\/que-es-ww\/","title":{"rendered":"WHAT IS WW"},"content":{"rendered":"<div data-elementor-type=\"wp-page\" data-elementor-id=\"1083\" class=\"elementor elementor-1083\" data-elementor-post-type=\"page\">\n\t\t\t\t<div class=\"elementor-element elementor-element-d385cf8 e-flex e-con-boxed e-con e-parent\" data-id=\"d385cf8\" data-element_type=\"container\" data-settings=\"{&quot;background_background&quot;:&quot;classic&quot;}\">\n\t\t\t\t\t<div class=\"e-con-inner\">\n\t\t<div class=\"elementor-element elementor-element-8e2bb6c e-con-full e-flex e-con e-child\" data-id=\"8e2bb6c\" data-element_type=\"container\">\n\t\t\t\t<div class=\"elementor-element elementor-element-232baa8 elementor-widget elementor-widget-heading\" data-id=\"232baa8\" data-element_type=\"widget\" data-widget_type=\"heading.default\">\n\t\t\t\t<div class=\"elementor-widget-container\">\n\t\t\t\t\t<h2 class=\"elementor-heading-title elementor-size-default\">\u00a1 Wellness Week in Colombia !<\/h2>\t\t\t\t<\/div>\n\t\t\t\t<\/div>\n\t\t\t\t<div class=\"elementor-element elementor-element-bb81b1a elementor-widget elementor-widget-heading\" data-id=\"bb81b1a\" data-element_type=\"widget\" data-widget_type=\"heading.default\">\n\t\t\t\t<div class=\"elementor-widget-container\">\n\t\t\t\t\t<h2 class=\"elementor-heading-title elementor-size-default\">a celebration of health and vitality\n<\/h2>\t\t\t\t<\/div>\n\t\t\t\t<\/div>\n\t\t\t\t<\/div>\n\t\t<div class=\"elementor-element elementor-element-69d3eab e-con-full e-flex e-con e-child\" data-id=\"69d3eab\" data-element_type=\"container\">\n\t\t\t\t<div class=\"elementor-element elementor-element-5cf02f7 elementor-widget elementor-widget-heading\" data-id=\"5cf02f7\" data-element_type=\"widget\" data-widget_type=\"heading.default\">\n\t\t\t\t<div class=\"elementor-widget-container\">\n\t\t\t\t\t<h2 class=\"elementor-heading-title elementor-size-default\">February 7 to 16, 2025<\/h2>\t\t\t\t<\/div>\n\t\t\t\t<\/div>\n\t\t\t\t<\/div>\n\t\t<div class=\"elementor-element elementor-element-2b085f1 e-con-full e-flex e-con e-child\" data-id=\"2b085f1\" data-element_type=\"container\">\n\t\t\t\t<div class=\"elementor-element elementor-element-1803d21 elementor-widget elementor-widget-heading\" data-id=\"1803d21\" data-element_type=\"widget\" data-widget_type=\"heading.default\">\n\t\t\t\t<div class=\"elementor-widget-container\">\n\t\t\t\t\t<h2 class=\"elementor-heading-title elementor-size-default\">A 10-day season of vibrant activities, exclusive sales and promotions<\/h2>\t\t\t\t<\/div>\n\t\t\t\t<\/div>\n\t\t\t\t<\/div>\n\t\t\t\t\t<\/div>\n\t\t\t\t<\/div>\n\t\t<div class=\"elementor-element elementor-element-b73b4b6 e-flex e-con-boxed e-con e-parent\" data-id=\"b73b4b6\" data-element_type=\"container\" data-settings=\"{&quot;background_background&quot;:&quot;classic&quot;}\">\n\t\t\t\t\t<div class=\"e-con-inner\">\n\t\t<div class=\"elementor-element elementor-element-976625d e-con-full e-flex e-con e-child\" data-id=\"976625d\" data-element_type=\"container\" data-settings=\"{&quot;background_background&quot;:&quot;classic&quot;}\">\n\t\t\t\t<div class=\"elementor-element elementor-element-02c2c04 elementor-widget elementor-widget-heading\" data-id=\"02c2c04\" data-element_type=\"widget\" data-widget_type=\"heading.default\">\n\t\t\t\t<div class=\"elementor-widget-container\">\n\t\t\t\t\t<h2 class=\"elementor-heading-title elementor-size-default\">By uniting the food and beverage <b>SPORTS, FITNESS, WELLNESS and HEALTH,<\/b> Wellness Week aims to become a cherished tradition, bringing together health enthusiasts, families and shoppers during ten days of <b>vibrant activities, exclusive sales and promotions.<\/b><\/h2>\t\t\t\t<\/div>\n\t\t\t\t<\/div>\n\t\t\t\t<\/div>\n\t\t<div class=\"elementor-element elementor-element-b060b84 e-con-full e-flex e-con e-child\" data-id=\"b060b84\" data-element_type=\"container\" data-settings=\"{&quot;background_background&quot;:&quot;classic&quot;}\">\n\t\t\t\t<div class=\"elementor-element elementor-element-06af436 elementor-widget elementor-widget-heading\" data-id=\"06af436\" data-element_type=\"widget\" data-widget_type=\"heading.default\">\n\t\t\t\t<div class=\"elementor-widget-container\">\n\t\t\t\t\t<h2 class=\"elementor-heading-title elementor-size-default\">Our mission is that this new season will be celebrated throughout Colombia, highlighting the importance of the <b>physical, mental and emotional well-being,<\/b> while supporting local businesses and showcasing Colombia's great culture.\n<\/h2>\t\t\t\t<\/div>\n\t\t\t\t<\/div>\n\t\t\t\t<\/div>\n\t\t\t\t\t<\/div>\n\t\t\t\t<\/div>\n\t\t<div class=\"elementor-element elementor-element-7b998a4 e-flex e-con-boxed e-con e-parent\" data-id=\"7b998a4\" data-element_type=\"container\" data-settings=\"{&quot;background_background&quot;:&quot;classic&quot;}\">\n\t\t\t\t\t<div class=\"e-con-inner\">\n\t\t\t\t<div class=\"elementor-element elementor-element-3355efa elementor-widget elementor-widget-heading\" data-id=\"3355efa\" data-element_type=\"widget\" data-widget_type=\"heading.default\">\n\t\t\t\t<div class=\"elementor-widget-container\">\n\t\t\t\t\t<h2 class=\"elementor-heading-title elementor-size-default\">What is Wellness Week?\n<\/h2>\t\t\t\t<\/div>\n\t\t\t\t<\/div>\n\t\t\t\t\t<\/div>\n\t\t\t\t<\/div>\n\t\t<div class=\"elementor-element elementor-element-6330b19 e-flex e-con-boxed e-con e-parent\" data-id=\"6330b19\" data-element_type=\"container\" data-settings=\"{&quot;background_background&quot;:&quot;classic&quot;}\">\n\t\t\t\t\t<div class=\"e-con-inner\">\n\t\t<div class=\"elementor-element elementor-element-0daec20 e-con-full e-flex e-con e-child\" data-id=\"0daec20\" data-element_type=\"container\">\n\t\t\t\t<div class=\"elementor-element elementor-element-824d6f3 elementor-widget elementor-widget-text-editor\" data-id=\"824d6f3\" data-element_type=\"widget\" data-widget_type=\"text-editor.default\">\n\t\t\t\t<div class=\"elementor-widget-container\">\n\t\t\t\t\t\t\t\t\t<p><span style=\"font-weight: 400;\"><strong>Wellness Week<\/strong> is a national initiative designed to promote a healthier lifestyle for everyone in Colombia.<\/span><\/p><p><span style=\"font-weight: 400;\">From bustling urban centers to quaint rural towns, merchants, health professionals and community leaders come together to create a unique combination of education, entertainment and commerce.<\/span><\/p><p><span style=\"font-weight: 400;\">For ten days, participating companies offer attractive deals on wellness-related products and services, ranging from fitness equipment and organic food to spa treatments and outdoor adventure packages.<\/span><\/p>\t\t\t\t\t\t\t\t<\/div>\n\t\t\t\t<\/div>\n\t\t\t\t<\/div>\n\t\t<div class=\"elementor-element elementor-element-e02ebd2 e-con-full e-flex e-con e-child\" data-id=\"e02ebd2\" data-element_type=\"container\">\n\t\t\t\t<div class=\"elementor-element elementor-element-c48b233 elementor-widget elementor-widget-image\" data-id=\"c48b233\" data-element_type=\"widget\" data-widget_type=\"image.default\">\n\t\t\t\t<div class=\"elementor-widget-container\">\n\t\t\t\t\t\t\t\t\t\t\t\t\t\t\t<img fetchpriority=\"high\" decoding=\"async\" width=\"800\" height=\"450\" src=\"https:\/\/wellnessweek.com.co\/wp-content\/uploads\/2024\/08\/eventos1-1024x576.webp\" class=\"attachment-large size-large wp-image-168\" alt=\"\" srcset=\"https:\/\/wellnessweek.com.co\/wp-content\/uploads\/2024\/08\/eventos1-1024x576.webp 1024w, https:\/\/wellnessweek.com.co\/wp-content\/uploads\/2024\/08\/eventos1-300x169.webp 300w, https:\/\/wellnessweek.com.co\/wp-content\/uploads\/2024\/08\/eventos1-768x432.webp 768w, https:\/\/wellnessweek.com.co\/wp-content\/uploads\/2024\/08\/eventos1-1536x864.webp 1536w, https:\/\/wellnessweek.com.co\/wp-content\/uploads\/2024\/08\/eventos1.webp 1920w\" sizes=\"(max-width: 800px) 100vw, 800px\" \/>\t\t\t\t\t\t\t\t\t\t\t\t\t\t\t<\/div>\n\t\t\t\t<\/div>\n\t\t\t\t<\/div>\n\t\t\t\t\t<\/div>\n\t\t\t\t<\/div>\n\t\t<div class=\"elementor-element elementor-element-797d976 elementor-hidden-desktop elementor-hidden-tablet elementor-hidden-mobile e-flex e-con-boxed e-con e-parent\" data-id=\"797d976\" data-element_type=\"container\" data-settings=\"{&quot;background_background&quot;:&quot;classic&quot;}\">\n\t\t\t\t\t<div class=\"e-con-inner\">\n\t\t\t\t<div class=\"elementor-element elementor-element-19e684d e-transform elementor-widget elementor-widget-heading\" data-id=\"19e684d\" data-element_type=\"widget\" data-settings=\"{&quot;_transform_skewX_effect&quot;:{&quot;unit&quot;:&quot;px&quot;,&quot;size&quot;:0,&quot;sizes&quot;:[]},&quot;_transform_skewY_effect&quot;:{&quot;unit&quot;:&quot;px&quot;,&quot;size&quot;:-5,&quot;sizes&quot;:[]},&quot;_transform_skewX_effect_tablet&quot;:{&quot;unit&quot;:&quot;deg&quot;,&quot;size&quot;:&quot;&quot;,&quot;sizes&quot;:[]},&quot;_transform_skewX_effect_mobile&quot;:{&quot;unit&quot;:&quot;deg&quot;,&quot;size&quot;:&quot;&quot;,&quot;sizes&quot;:[]},&quot;_transform_skewY_effect_tablet&quot;:{&quot;unit&quot;:&quot;deg&quot;,&quot;size&quot;:&quot;&quot;,&quot;sizes&quot;:[]},&quot;_transform_skewY_effect_mobile&quot;:{&quot;unit&quot;:&quot;deg&quot;,&quot;size&quot;:&quot;&quot;,&quot;sizes&quot;:[]}}\" data-widget_type=\"heading.default\">\n\t\t\t\t<div class=\"elementor-widget-container\">\n\t\t\t\t\t<h2 class=\"elementor-heading-title elementor-size-default\">QUE ESPERAR<\/h2>\t\t\t\t<\/div>\n\t\t\t\t<\/div>\n\t\t\t\t<div class=\"elementor-element elementor-element-1727833 elementor-widget elementor-widget-heading\" data-id=\"1727833\" data-element_type=\"widget\" data-widget_type=\"heading.default\">\n\t\t\t\t<div class=\"elementor-widget-container\">\n\t\t\t\t\t<h2 class=\"elementor-heading-title elementor-size-default\">\nDurante Wellness Week, <br>los colombianos pueden disfrutar de:\n<\/h2>\t\t\t\t<\/div>\n\t\t\t\t<\/div>\n\t\t\t\t\t<\/div>\n\t\t\t\t<\/div>\n\t\t<div class=\"elementor-element elementor-element-9699d8f elementor-hidden-desktop elementor-hidden-tablet elementor-hidden-mobile e-flex e-con-boxed e-con e-parent\" data-id=\"9699d8f\" data-element_type=\"container\" data-settings=\"{&quot;background_background&quot;:&quot;classic&quot;}\">\n\t\t\t\t\t<div class=\"e-con-inner\">\n\t\t<div class=\"elementor-element elementor-element-a6d1160 e-con-full e-flex e-con e-child\" data-id=\"a6d1160\" data-element_type=\"container\">\n\t\t<div class=\"elementor-element elementor-element-f31442a e-con-full e-flex e-con e-child\" data-id=\"f31442a\" data-element_type=\"container\" data-settings=\"{&quot;background_background&quot;:&quot;classic&quot;}\">\n\t\t\t\t<div class=\"elementor-element elementor-element-e90625d elementor-widget elementor-widget-heading\" data-id=\"e90625d\" data-element_type=\"widget\" data-widget_type=\"heading.default\">\n\t\t\t\t<div class=\"elementor-widget-container\">\n\t\t\t\t\t<h2 class=\"elementor-heading-title elementor-size-default\">Talleres y seminarios:<\/h2>\t\t\t\t<\/div>\n\t\t\t\t<\/div>\n\t\t\t\t<div class=\"elementor-element elementor-element-d1e4464 elementor-widget elementor-widget-heading\" data-id=\"d1e4464\" data-element_type=\"widget\" data-widget_type=\"heading.default\">\n\t\t\t\t<div class=\"elementor-widget-container\">\n\t\t\t\t\t<h2 class=\"elementor-heading-title elementor-size-default\">Expertos y organizaciones organizan sesiones gratuitas o con descuentos sobre \u201cmindfulness\u201d, nutrici\u00f3n, fitness y salud mental.\n<\/h2>\t\t\t\t<\/div>\n\t\t\t\t<\/div>\n\t\t\t\t<\/div>\n\t\t<div class=\"elementor-element elementor-element-84ed55a e-con-full e-flex e-con e-child\" data-id=\"84ed55a\" data-element_type=\"container\" data-settings=\"{&quot;background_background&quot;:&quot;classic&quot;}\">\n\t\t\t\t<div class=\"elementor-element elementor-element-7e5533e elementor-widget elementor-widget-heading\" data-id=\"7e5533e\" data-element_type=\"widget\" data-widget_type=\"heading.default\">\n\t\t\t\t<div class=\"elementor-widget-container\">\n\t\t\t\t\t<h2 class=\"elementor-heading-title elementor-size-default\">Actividades comunitarias:<\/h2>\t\t\t\t<\/div>\n\t\t\t\t<\/div>\n\t\t\t\t<div class=\"elementor-element elementor-element-baa092f elementor-widget elementor-widget-heading\" data-id=\"baa092f\" data-element_type=\"widget\" data-widget_type=\"heading.default\">\n\t\t\t\t<div class=\"elementor-widget-container\">\n\t\t\t\t\t<h2 class=\"elementor-heading-title elementor-size-default\">Las clases de fitness grupales, las caminatas por la naturaleza y las sesiones de yoga al aire libre re\u00fanen a las personas para celebrar un estilo de vida activo.\n<\/h2>\t\t\t\t<\/div>\n\t\t\t\t<\/div>\n\t\t\t\t<\/div>\n\t\t\t\t<\/div>\n\t\t<div class=\"elementor-element elementor-element-d1a0f25 e-con-full e-flex e-con e-child\" data-id=\"d1a0f25\" data-element_type=\"container\">\n\t\t<div class=\"elementor-element elementor-element-a5303c7 e-con-full e-flex e-con e-child\" data-id=\"a5303c7\" data-element_type=\"container\" data-settings=\"{&quot;background_background&quot;:&quot;classic&quot;}\">\n\t\t\t\t<div class=\"elementor-element elementor-element-c005c2c elementor-widget elementor-widget-heading\" data-id=\"c005c2c\" data-element_type=\"widget\" data-widget_type=\"heading.default\">\n\t\t\t\t<div class=\"elementor-widget-container\">\n\t\t\t\t\t<h2 class=\"elementor-heading-title elementor-size-default\">Ferias de salud y bienestar:<\/h2>\t\t\t\t<\/div>\n\t\t\t\t<\/div>\n\t\t\t\t<div class=\"elementor-element elementor-element-3d1afdd elementor-widget elementor-widget-heading\" data-id=\"3d1afdd\" data-element_type=\"widget\" data-widget_type=\"heading.default\">\n\t\t\t\t<div class=\"elementor-widget-container\">\n\t\t\t\t\t<h2 class=\"elementor-heading-title elementor-size-default\">Los espacios p\u00fablicos se transforman en mercados vibrantes llenos de puestos de comida saludable, demostraciones de cocina en vivo y stands que promueven pr\u00e1cticas de salud hol\u00edstica. <\/h2>\t\t\t\t<\/div>\n\t\t\t\t<\/div>\n\t\t\t\t<\/div>\n\t\t<div class=\"elementor-element elementor-element-fc58e93 e-con-full e-flex e-con e-child\" data-id=\"fc58e93\" data-element_type=\"container\" data-settings=\"{&quot;background_background&quot;:&quot;classic&quot;}\">\n\t\t\t\t<div class=\"elementor-element elementor-element-7c53243 elementor-widget elementor-widget-heading\" data-id=\"7c53243\" data-element_type=\"widget\" data-widget_type=\"heading.default\">\n\t\t\t\t<div class=\"elementor-widget-container\">\n\t\t\t\t\t<h2 class=\"elementor-heading-title elementor-size-default\">Promociones exclusivas:<\/h2>\t\t\t\t<\/div>\n\t\t\t\t<\/div>\n\t\t\t\t<div class=\"elementor-element elementor-element-02587e1 elementor-widget elementor-widget-heading\" data-id=\"02587e1\" data-element_type=\"widget\" data-widget_type=\"heading.default\">\n\t\t\t\t<div class=\"elementor-widget-container\">\n\t\t\t\t\t<h2 class=\"elementor-heading-title elementor-size-default\">Descuentos en membres\u00edas de gimnasios, clases de yoga, suplementos nutricionales e incluso chequeos m\u00e9dicos. Los minoristas ofrecen ofertas en ropa deportiva, equipos de fitness para el hogar y dispositivos de bienestar.<\/h2>\t\t\t\t<\/div>\n\t\t\t\t<\/div>\n\t\t\t\t<\/div>\n\t\t\t\t<\/div>\n\t\t<div class=\"elementor-element elementor-element-ebb88be e-con-full e-flex e-con e-child\" data-id=\"ebb88be\" data-element_type=\"container\">\n\t\t<div class=\"elementor-element elementor-element-8cc6bb5 e-con-full e-flex e-con e-child\" data-id=\"8cc6bb5\" data-element_type=\"container\" data-settings=\"{&quot;background_background&quot;:&quot;classic&quot;}\">\n\t\t\t\t<div class=\"elementor-element elementor-element-93903de elementor-widget elementor-widget-heading\" data-id=\"93903de\" data-element_type=\"widget\" data-widget_type=\"heading.default\">\n\t\t\t\t<div class=\"elementor-widget-container\">\n\t\t\t\t\t<h2 class=\"elementor-heading-title elementor-size-default\">Apoyo a los comerciantes locales<\/h2>\t\t\t\t<\/div>\n\t\t\t\t<\/div>\n\t\t\t\t<div class=\"elementor-element elementor-element-a0841f9 elementor-widget elementor-widget-heading\" data-id=\"a0841f9\" data-element_type=\"widget\" data-widget_type=\"heading.default\">\n\t\t\t\t<div class=\"elementor-widget-container\">\n\t\t\t\t\t<h2 class=\"elementor-heading-title elementor-size-default\">Wellness Week brinda un impulso a las peque\u00f1as empresas y artesanos de Colombia. Muchos empresarios locales aprovechan la oportunidad para mostrar sus productos saludables, incluyendo productos para el cuidado de la piel hechos a mano, art\u00edculos ecol\u00f3gicos para el hogar y snacks org\u00e1nicos. Es una situaci\u00f3n en la que todos ganan: los compradores que buscan productos de calidad y los comerciantes ansiosos por ampliar su alcance.\n<\/h2>\t\t\t\t<\/div>\n\t\t\t\t<\/div>\n\t\t\t\t<\/div>\n\t\t<div class=\"elementor-element elementor-element-1079fa3 e-con-full e-flex e-con e-child\" data-id=\"1079fa3\" data-element_type=\"container\" data-settings=\"{&quot;background_background&quot;:&quot;classic&quot;}\">\n\t\t\t\t<div class=\"elementor-element elementor-element-cbbe14f elementor-widget elementor-widget-heading\" data-id=\"cbbe14f\" data-element_type=\"widget\" data-widget_type=\"heading.default\">\n\t\t\t\t<div class=\"elementor-widget-container\">\n\t\t\t\t\t<h2 class=\"elementor-heading-title elementor-size-default\">Un movimiento nacional<\/h2>\t\t\t\t<\/div>\n\t\t\t\t<\/div>\n\t\t\t\t<div class=\"elementor-element elementor-element-1841e98 elementor-widget elementor-widget-heading\" data-id=\"1841e98\" data-element_type=\"widget\" data-widget_type=\"heading.default\">\n\t\t\t\t<div class=\"elementor-widget-container\">\n\t\t\t\t\t<h2 class=\"elementor-heading-title elementor-size-default\">M\u00e1s all\u00e1 del comercio, Wellness Week refleja el compromiso de Colombia de fomentar comunidades m\u00e1s saludables. El evento alienta a las personas a priorizar su bienestar al tiempo que fomenta un sentido de unidad y prop\u00f3sito compartido. El programa a menudo incorpora asociaciones con organizaciones gubernamentales y ONG, que ofrecen ex\u00e1menes de salud gratuitos, vacunas y recursos a poblaciones desatendidas.\n<\/h2>\t\t\t\t<\/div>\n\t\t\t\t<\/div>\n\t\t\t\t<\/div>\n\t\t\t\t<\/div>\n\t\t\t\t\t<\/div>\n\t\t\t\t<\/div>\n\t\t\t\t<\/div>","protected":false},"excerpt":{"rendered":"<p>\u00a1 Wellness Week en Colombia ! una celebraci\u00f3n de la salud y la vitalidad 7 al 16 de febrero de 2025 Una temporada de 10 d\u00edas de actividades vibrantes, ventas exclusivas y promociones Al unir las industrias del DEPORTE, EL FITNESS, EL BIENESTAR y LA SALUD, Wellness Week tiene como objetivo convertirse en una tradici\u00f3n [&hellip;]<\/p>","protected":false},"author":1,"featured_media":0,"parent":0,"menu_order":0,"comment_status":"closed","ping_status":"closed","template":"","meta":{"_price":"","_stock":"","_tribe_ticket_header":"","_tribe_default_ticket_provider":"","_tribe_ticket_capacity":"0","_ticket_start_date":"","_ticket_end_date":"","_tribe_ticket_show_description":"","_tribe_ticket_show_not_going":false,"_tribe_ticket_use_global_stock":"","_tribe_ticket_global_stock_level":"","_global_stock_mode":"","_global_stock_cap":"","_tribe_rsvp_for_event":"","_tribe_ticket_going_count":"","_tribe_ticket_not_going_count":"","_tribe_tickets_list":"[]","_tribe_ticket_has_attendee_info_fields":false,"footnotes":"","_tec_slr_enabled":"","_tec_slr_layout":""},"class_list":["post-1083","page","type-page","status-publish","hentry"],"ticketed":false,"_links":{"self":[{"href":"https:\/\/wellnessweek.com.co\/en\/wp-json\/wp\/v2\/pages\/1083","targetHints":{"allow":["GET"]}}],"collection":[{"href":"https:\/\/wellnessweek.com.co\/en\/wp-json\/wp\/v2\/pages"}],"about":[{"href":"https:\/\/wellnessweek.com.co\/en\/wp-json\/wp\/v2\/types\/page"}],"author":[{"embeddable":true,"href":"https:\/\/wellnessweek.com.co\/en\/wp-json\/wp\/v2\/users\/1"}],"replies":[{"embeddable":true,"href":"https:\/\/wellnessweek.com.co\/en\/wp-json\/wp\/v2\/comments?post=1083"}],"version-history":[{"count":0,"href":"https:\/\/wellnessweek.com.co\/en\/wp-json\/wp\/v2\/pages\/1083\/revisions"}],"wp:attachment":[{"href":"https:\/\/wellnessweek.com.co\/en\/wp-json\/wp\/v2\/media?parent=1083"}],"curies":[{"name":"wp","href":"https:\/\/api.w.org\/{rel}","templated":true}]}}