{"id":3,"date":"2024-03-12T10:58:47","date_gmt":"2024-03-12T15:58:47","guid":{"rendered":"http:\/\/wellnessweek.com.co\/?page_id=3"},"modified":"2024-12-01T13:24:44","modified_gmt":"2024-12-01T18:24:44","slug":"politica-privacidad","status":"publish","type":"page","link":"https:\/\/wellnessweek.com.co\/en\/politica-privacidad\/","title":{"rendered":"Privacy Politics"},"content":{"rendered":"<div data-elementor-type=\"wp-page\" data-elementor-id=\"3\" class=\"elementor elementor-3\" data-elementor-post-type=\"page\">\n\t\t\t\t<div class=\"elementor-element elementor-element-5b673814 e-con-full e-flex e-con e-parent\" data-id=\"5b673814\" data-element_type=\"container\">\n\t\t\t\t<div class=\"elementor-element elementor-element-062b96f elementor-widget elementor-widget-heading\" data-id=\"062b96f\" data-element_type=\"widget\" data-widget_type=\"heading.default\">\n\t\t\t\t<div class=\"elementor-widget-container\">\n\t\t\t\t\t<h2 class=\"elementor-heading-title elementor-size-default\">POL\u00cdTICA DE TRATAMIENTO DE DATOS PERSONALES<\/h2>\t\t\t\t<\/div>\n\t\t\t\t<\/div>\n\t\t\t\t<\/div>\n\t\t<div class=\"elementor-element elementor-element-33bef2f e-flex e-con-boxed e-con e-parent\" data-id=\"33bef2f\" data-element_type=\"container\">\n\t\t\t\t\t<div class=\"e-con-inner\">\n\t\t\t\t<div class=\"elementor-element elementor-element-573275c elementor-widget elementor-widget-text-editor\" data-id=\"573275c\" data-element_type=\"widget\" data-widget_type=\"text-editor.default\">\n\t\t\t\t<div class=\"elementor-widget-container\">\n\t\t\t\t\t\t\t\t\t<p>Esfinge Group S.A.S.<br \/>NIT: 901105300-5<br \/>Direcci\u00f3n: Cra 42 5 sur 141, Medell\u00edn<br \/>Tel\u00e9fono: 3164739887<br \/>Correo electr\u00f3nico: info@esfingegroup.net<\/p>\t\t\t\t\t\t\t\t<\/div>\n\t\t\t\t<\/div>\n\t\t\t\t\t<\/div>\n\t\t\t\t<\/div>\n\t\t<div class=\"elementor-element elementor-element-a94d36f e-flex e-con-boxed e-con e-parent\" data-id=\"a94d36f\" data-element_type=\"container\">\n\t\t\t\t\t<div class=\"e-con-inner\">\n\t\t\t\t<div class=\"elementor-element elementor-element-68e15cf elementor-widget elementor-widget-text-editor\" data-id=\"68e15cf\" data-element_type=\"widget\" data-widget_type=\"text-editor.default\">\n\t\t\t\t<div class=\"elementor-widget-container\">\n\t\t\t\t\t\t\t\t\t<h4><strong>Introducci\u00f3n<\/strong><\/h4><p>En cumplimiento de lo establecido en la Ley 1581 de 2012 en Colombia y dem\u00e1s normas concordantes, Esfinge Group S.A.S., en su calidad de responsable del tratamiento de datos personales, informa las pol\u00edticas bajo las cuales se recolectan, almacenan, usan, circulan y suprimen los datos personales de las empresas que interact\u00faan con nosotros.<\/p><h4><strong>1. Finalidad del Tratamiento de Datos<\/strong><\/h4><p>Esfinge Group S.A.S. recopila y gestiona la informaci\u00f3n personal y empresarial con las siguientes finalidades:<br \/>1. Coordinar y garantizar la prestaci\u00f3n de servicios relacionados con la<br \/>comercializaci\u00f3n de espacios para la creaci\u00f3n de stands.<br \/>2. Contactar a las empresas para aspectos operativos, administrativos, comerciales y legales.<br \/>3. Enviar informaci\u00f3n sobre eventos, promociones, novedades y servicios<br \/>relacionados con nuestra actividad.<br \/>4. Cumplir con obligaciones contractuales y legales.<\/p><h4>2. Derechos de los Titulares de la Informaci\u00f3n<\/h4><p>Los titulares de los datos personales tienen derecho a:<br \/>1. Conocer, actualizar y rectificar sus datos personales.<br \/>2. Solicitar la eliminaci\u00f3n de sus datos cuando consideren que no est\u00e1n siendo tratados conforme a la ley.<br \/>3. Revocar la autorizaci\u00f3n otorgada para el tratamiento de sus datos, salvo en los casos en que el tratamiento sea necesario para cumplir obligaciones legales.<br \/>4. Acceder de forma gratuita a los datos personales que hayan sido objeto de<br \/>tratamiento.<\/p><h4>3. Autorizaci\u00f3n para el Tratamiento de Datos<\/h4><p>Al aceptar esta pol\u00edtica, los titulares de los datos autorizan a Esfinge Group S.A.S. a:<br \/>1. Tratar la informaci\u00f3n personal bajo las finalidades descritas anteriormente.<br \/>2. Compartir los datos personales con aliados estrat\u00e9gicos exclusivamente para cumplir con los objetivos comerciales y de servicio.<\/p><h4>4. Procedimiento para el Ejercicio de Derechos<\/h4><p>Los titulares pueden ejercer sus derechos enviando una solicitud al correo electr\u00f3nico info@esfingegroup.net o comunic\u00e1ndose al n\u00famero telef\u00f3nico 3164739887. Las solicitudes ser\u00e1n atendidas en un plazo m\u00e1ximo de 10 d\u00edas h\u00e1biles seg\u00fan lo establecido por la normativa aplicable.<\/p><h4>5. Seguridad de la Informaci\u00f3n<\/h4><p>Esfinge Group S.A.S. implementa medidas t\u00e9cnicas, humanas y administrativas para proteger los datos personales de accesos no autorizados y uso indebido.<\/p><h4>6. Vigencia de la Pol\u00edtica<\/h4><p>La presente pol\u00edtica de tratamiento de datos personales estar\u00e1 vigente mientras Esfinge Group S.A.S. realice actividades relacionadas con su objeto social.<\/p>\t\t\t\t\t\t\t\t<\/div>\n\t\t\t\t<\/div>\n\t\t\t\t\t<\/div>\n\t\t\t\t<\/div>\n\t\t\t\t<\/div>","protected":false},"excerpt":{"rendered":"<p>POL\u00cdTICA DE TRATAMIENTO DE DATOS PERSONALES Esfinge Group S.A.S.NIT: 901105300-5Direcci\u00f3n: Cra 42 5 sur 141, Medell\u00ednTel\u00e9fono: 3164739887Correo electr\u00f3nico: info@esfingegroup.net Introducci\u00f3n En cumplimiento de lo establecido en la Ley 1581 de 2012 en Colombia y dem\u00e1s normas concordantes, Esfinge Group S.A.S., en su calidad de responsable del tratamiento de datos personales, informa las pol\u00edticas bajo las [&hellip;]<\/p>","protected":false},"author":1,"featured_media":0,"parent":0,"menu_order":0,"comment_status":"closed","ping_status":"open","template":"","meta":{"_price":"","_stock":"","_tribe_ticket_header":"","_tribe_default_ticket_provider":"","_tribe_ticket_capacity":"0","_ticket_start_date":"","_ticket_end_date":"","_tribe_ticket_show_description":"","_tribe_ticket_show_not_going":false,"_tribe_ticket_use_global_stock":"","_tribe_ticket_global_stock_level":"","_global_stock_mode":"","_global_stock_cap":"","_tribe_rsvp_for_event":"","_tribe_ticket_going_count":"","_tribe_ticket_not_going_count":"","_tribe_tickets_list":"[]","_tribe_ticket_has_attendee_info_fields":false,"footnotes":"","_tec_slr_enabled":"","_tec_slr_layout":""},"class_list":["post-3","page","type-page","status-publish","hentry"],"ticketed":false,"_links":{"self":[{"href":"https:\/\/wellnessweek.com.co\/en\/wp-json\/wp\/v2\/pages\/3","targetHints":{"allow":["GET"]}}],"collection":[{"href":"https:\/\/wellnessweek.com.co\/en\/wp-json\/wp\/v2\/pages"}],"about":[{"href":"https:\/\/wellnessweek.com.co\/en\/wp-json\/wp\/v2\/types\/page"}],"author":[{"embeddable":true,"href":"https:\/\/wellnessweek.com.co\/en\/wp-json\/wp\/v2\/users\/1"}],"replies":[{"embeddable":true,"href":"https:\/\/wellnessweek.com.co\/en\/wp-json\/wp\/v2\/comments?post=3"}],"version-history":[{"count":0,"href":"https:\/\/wellnessweek.com.co\/en\/wp-json\/wp\/v2\/pages\/3\/revisions"}],"wp:attachment":[{"href":"https:\/\/wellnessweek.com.co\/en\/wp-json\/wp\/v2\/media?parent=3"}],"curies":[{"name":"wp","href":"https:\/\/api.w.org\/{rel}","templated":true}]}}