{"id":948,"date":"2024-12-01T13:22:26","date_gmt":"2024-12-01T18:22:26","guid":{"rendered":"https:\/\/wellnessweek.com.co\/?page_id=948"},"modified":"2024-12-01T13:24:31","modified_gmt":"2024-12-01T18:24:31","slug":"terminos-y-condiciones","status":"publish","type":"page","link":"https:\/\/wellnessweek.com.co\/en\/terminos-y-condiciones\/","title":{"rendered":"T\u00e9rminos y condiciones"},"content":{"rendered":"<div data-elementor-type=\"wp-page\" data-elementor-id=\"948\" class=\"elementor elementor-948\" data-elementor-post-type=\"page\">\n\t\t\t\t<div class=\"elementor-element elementor-element-c40b5a2 e-con-full e-flex e-con e-parent\" data-id=\"c40b5a2\" data-element_type=\"container\">\n\t\t\t\t<div class=\"elementor-element elementor-element-c4f2372 elementor-widget elementor-widget-heading\" data-id=\"c4f2372\" data-element_type=\"widget\" data-widget_type=\"heading.default\">\n\t\t\t\t<div class=\"elementor-widget-container\">\n\t\t\t\t\t<h2 class=\"elementor-heading-title elementor-size-default\">TERMINOS Y CONDICIONES ESFINGE GROUP S.A.S<\/h2>\t\t\t\t<\/div>\n\t\t\t\t<\/div>\n\t\t\t\t<\/div>\n\t\t<div class=\"elementor-element elementor-element-473dfb8 e-flex e-con-boxed e-con e-parent\" data-id=\"473dfb8\" data-element_type=\"container\">\n\t\t\t\t\t<div class=\"e-con-inner\">\n\t\t\t\t<div class=\"elementor-element elementor-element-d15bf7a elementor-widget elementor-widget-text-editor\" data-id=\"d15bf7a\" data-element_type=\"widget\" data-widget_type=\"text-editor.default\">\n\t\t\t\t<div class=\"elementor-widget-container\">\n\t\t\t\t\t\t\t\t\t<p>En cumplimiento de lo dispuesto en el Art\u00edculo 14 del Decreto 1377 de 2013, reglamentario de la Ley 1581 de 2012, Esfinge Group S.A.S. informa a todos los titulares de datos personales que hemos implementado una Pol\u00edtica de Tratamiento de Datos Personales.<br \/>Esta pol\u00edtica asegura que la informaci\u00f3n que nos ha sido proporcionada ser\u00e1 manejada con estricta confidencialidad y seguridad, cumpliendo los principios establecidos por la normativa vigente. La pol\u00edtica completa est\u00e1 disponible para su consulta en nuestro sitio web: <a href=\"https:\/\/wellnessweek.com.co\/en\/\">www.wellnessweek.com.co<\/a><\/p><p>Enfatizamos que responder preguntas relacionadas con datos personales sensibles es completamente opcional. Los datos personales gestionados por Esfinge Group, ser\u00e1n tratados<br \/>exclusivamente para los fines descritos a continuaci\u00f3n. Asimismo, los encargados o terceros que accedan a estos datos, ya sea por disposici\u00f3n legal o contractual, deber\u00e1n ce\u00f1irse estrictamente a las siguientes finalidades:<\/p><ul><li>Objetivo principal: Gestionar el env\u00edo de informaci\u00f3n sobre los eventos o actividades que Esfinge Group comercializa o pueda llegar a comercializar, adem\u00e1s de administrar la relaci\u00f3n con los clientes.<\/li><li>Atenci\u00f3n al cliente: Completar y gestionar la informaci\u00f3n necesaria para atender solicitudes, quejas o reclamos de los clientes o de terceros vinculados con Esfinge Group.<\/li><li>Transferencia de datos: Compartir informaci\u00f3n con terceros con los que existan acuerdos o contratos, para fines comerciales, administrativos, operativos o de certificaci\u00f3n, cumpliendo con la normativa vigente.<\/li><li>Categor\u00edas de inter\u00e9s: nuestros usuarios, de manera opcional, podr\u00e1n seleccionar las categor\u00edas de eventos y actividades sobre los cuales quieren recibir Informaci\u00f3n Comercial. En caso de que no elijan la categor\u00eda de su preferencia, se les enviar\u00e1 Informaci\u00f3n Comercial relacionada con participaci\u00f3n de los diferentes eventos y actividades que se lleven a cabo durante todo el a\u00f1o.<\/li><li>Segmentaci\u00f3n de clientes e inversionistas: Identificar perfiles para involucrarlos en proyectos, eventos u otras actividades comerciales relacionadas con los productos de Esfinge Group.<\/li><li>Eventos: Organizar y realizar actividades relacionadas con los servicios y productos ofrecidos por Esfinge Group.<\/li><li>Actividades de mercadeo y comercializaci\u00f3n: Promover servicios o productos actuales y futuros que Esfinge Group pueda ofrecer.<\/li><li>Archivo y actualizaci\u00f3n: Mantener los sistemas actualizados y garantizar la protecci\u00f3n, custodia y archivo seguro de la informaci\u00f3n y bases de datos.<\/li><li>Actualizaci\u00f3n de datos: Llevar a cabo campa\u00f1as para actualizar la informaci\u00f3n de contacto o personal de los clientes.<\/li><li>Comunicaci\u00f3n de cambios: Informar sobre modificaciones en las pol\u00edticas de tratamiento de datos y solicitar nuevas autorizaciones si es necesario.<\/li><li>Procesos internos: Gestionar actividades operativas o administrativas relacionadas con los sistemas de Esfinge Group.<\/li><li>Cumplimiento legal: Desarrollar actividades necesarias para acatar las obligaciones legales, regulatorias y las pol\u00edticas internas de Esfinge Group S.A.S<\/li><\/ul><p>Los titulares de datos personales cuentan con todos los derechos estipulados en la Ley 1581 de 2012 y descritos en nuestra Pol\u00edtica de Tratamiento de Datos Personales. Y pueden ejercer sus derechos comunic\u00e1ndose con nosotros por medio del correo electr\u00f3nico<br \/>info@esfingegroup.net o por medio del celular 3164739887.<\/p>\t\t\t\t\t\t\t\t<\/div>\n\t\t\t\t<\/div>\n\t\t\t\t\t<\/div>\n\t\t\t\t<\/div>\n\t\t\t\t<\/div>","protected":false},"excerpt":{"rendered":"<p>TERMINOS Y CONDICIONES ESFINGE GROUP S.A.S En cumplimiento de lo dispuesto en el Art\u00edculo 14 del Decreto 1377 de 2013, reglamentario de la Ley 1581 de 2012, Esfinge Group S.A.S. informa a todos los titulares de datos personales que hemos implementado una Pol\u00edtica de Tratamiento de Datos Personales.Esta pol\u00edtica asegura que la informaci\u00f3n que nos [&hellip;]<\/p>","protected":false},"author":1,"featured_media":0,"parent":0,"menu_order":0,"comment_status":"closed","ping_status":"closed","template":"","meta":{"_price":"","_stock":"","_tribe_ticket_header":"","_tribe_default_ticket_provider":"","_tribe_ticket_capacity":"0","_ticket_start_date":"","_ticket_end_date":"","_tribe_ticket_show_description":"","_tribe_ticket_show_not_going":false,"_tribe_ticket_use_global_stock":"","_tribe_ticket_global_stock_level":"","_global_stock_mode":"","_global_stock_cap":"","_tribe_rsvp_for_event":"","_tribe_ticket_going_count":"","_tribe_ticket_not_going_count":"","_tribe_tickets_list":"[]","_tribe_ticket_has_attendee_info_fields":false,"footnotes":"","_tec_slr_enabled":"","_tec_slr_layout":""},"class_list":["post-948","page","type-page","status-publish","hentry"],"ticketed":false,"_links":{"self":[{"href":"https:\/\/wellnessweek.com.co\/en\/wp-json\/wp\/v2\/pages\/948","targetHints":{"allow":["GET"]}}],"collection":[{"href":"https:\/\/wellnessweek.com.co\/en\/wp-json\/wp\/v2\/pages"}],"about":[{"href":"https:\/\/wellnessweek.com.co\/en\/wp-json\/wp\/v2\/types\/page"}],"author":[{"embeddable":true,"href":"https:\/\/wellnessweek.com.co\/en\/wp-json\/wp\/v2\/users\/1"}],"replies":[{"embeddable":true,"href":"https:\/\/wellnessweek.com.co\/en\/wp-json\/wp\/v2\/comments?post=948"}],"version-history":[{"count":0,"href":"https:\/\/wellnessweek.com.co\/en\/wp-json\/wp\/v2\/pages\/948\/revisions"}],"wp:attachment":[{"href":"https:\/\/wellnessweek.com.co\/en\/wp-json\/wp\/v2\/media?parent=948"}],"curies":[{"name":"wp","href":"https:\/\/api.w.org\/{rel}","templated":true}]}}